{"id":129,"date":"2021-03-24T15:51:00","date_gmt":"2021-03-24T10:21:00","guid":{"rendered":"https:\/\/theprintculture.com\/langley\/?post_type=product&#038;p=129"},"modified":"2024-07-02T11:21:07","modified_gmt":"2024-07-02T05:51:07","slug":"canvas-gallery-wraps","status":"publish","type":"product","link":"https:\/\/theprintculture.com\/langley\/product\/canvas-gallery-wraps\/","title":{"rendered":"Wall D\u00e9cor Langley"},"content":{"rendered":"<p><span style=\"font-weight: 400;\">Let your walls stand out &#8211; Refresh your open spaces into work of Art! Convert your favorite pictures, images, quotes or text, into breathtaking posters and then enjoy the same every time you see it. From glossy to dull finish, we give you a range of options to make sure your prints look their best wherever they are displayed.\u00a0\u00a0<\/span><\/p>\n<p><span style=\"font-weight: 400;\">A perfect gift for yourself , your office or your family &amp; friends.<\/span><\/p>\n<p><b>Popular Usage Ideas<\/b><\/p>\n<ul>\n<li><span style=\"font-weight: 400;\">Gifts or Personal use<\/span><\/li>\n<li><span style=\"font-weight: 400;\">Display at office or other commercial places like schools, hotels etc\u00a0<\/span><\/li>\n<li><span style=\"font-weight: 400;\">Retail Promotions<\/span><\/li>\n<\/ul>\n<p>&nbsp;<\/p>\n<p>&nbsp;<\/p>\n","protected":false},"excerpt":{"rendered":"<ul>\n<li>Easy to Design, Hard to miss<\/li>\n<li>High Resolution full color digital print<\/li>\n<li>Available in multiple sizes<\/li>\n<li>Printed on premium Canvas media<\/li>\n<li>Glossy coating to prevent the print from dust<\/li>\n<li>Lightweight and sturdy wooden frame mounting available<\/li>\n<\/ul>\n","protected":false},"featured_media":1286,"template":"","meta":[],"product_cat":[32,70,33,47,22],"product_tag":[],"class_list":["post-129","product","type-product","status-publish","has-post-thumbnail","hentry","product_cat-canvas","product_cat-photo-posters","product_cat-wall-posters-wall-decor","product_cat-promotional-items","product_cat-wall-decor"],"yoast_head":"<!-- This site is optimized with the Yoast SEO Premium plugin v16.2 (Yoast SEO v21.0) - https:\/\/yoast.com\/wordpress\/plugins\/seo\/ -->\n<title>Wall D\u00e9cor Langley Printing Surrey | Best Wall D\u00e9cor Langley Printing Surrey BC<\/title>\n<meta name=\"description\" content=\"Wall D\u00e9cor Langley Printing Surrey - The Print Culture provide the Best Wall D\u00e9cor Langley Printing Surrey BC. Contact now.\" \/>\n<meta name=\"robots\" content=\"index, follow, max-snippet:-1, max-image-preview:large, max-video-preview:-1\" \/>\n<link rel=\"canonical\" href=\"https:\/\/theprintculture.com\/langley\/product\/canvas-gallery-wraps\/\" \/>\n<meta property=\"og:locale\" content=\"en_US\" \/>\n<meta property=\"og:type\" content=\"article\" \/>\n<meta property=\"og:title\" content=\"Wall D\u00e9cor Langley Printing Surrey | Best Wall D\u00e9cor Langley Printing Surrey BC\" \/>\n<meta property=\"og:description\" content=\"Wall D\u00e9cor Langley Printing Surrey - The Print Culture provide the Best Wall D\u00e9cor Langley Printing Surrey BC. Contact now.\" \/>\n<meta property=\"og:url\" content=\"https:\/\/theprintculture.com\/langley\/product\/canvas-gallery-wraps\/\" \/>\n<meta property=\"og:site_name\" content=\"the printculture\" \/>\n<meta property=\"article:modified_time\" content=\"2024-07-02T05:51:07+00:00\" \/>\n<meta property=\"og:image\" content=\"https:\/\/theprintculture.com\/langley\/wp-content\/uploads\/2021\/03\/wall-decor-b.png\" \/>\n\t<meta property=\"og:image:width\" content=\"550\" \/>\n\t<meta property=\"og:image:height\" content=\"550\" \/>\n\t<meta property=\"og:image:type\" content=\"image\/png\" \/>\n<meta name=\"twitter:card\" content=\"summary_large_image\" \/>\n<meta name=\"twitter:label1\" content=\"Est. reading time\" \/>\n\t<meta name=\"twitter:data1\" content=\"1 minute\" \/>\n<script type=\"application\/ld+json\" class=\"yoast-schema-graph\">{\"@context\":\"https:\/\/schema.org\",\"@graph\":[{\"@type\":\"WebPage\",\"@id\":\"https:\/\/theprintculture.com\/langley\/product\/canvas-gallery-wraps\/\",\"url\":\"https:\/\/theprintculture.com\/langley\/product\/canvas-gallery-wraps\/\",\"name\":\"Wall D\u00e9cor Langley Printing Surrey | Best Wall D\u00e9cor Langley Printing Surrey BC\",\"isPartOf\":{\"@id\":\"https:\/\/theprintculture.com\/langley\/#website\"},\"datePublished\":\"2021-03-24T10:21:00+00:00\",\"dateModified\":\"2024-07-02T05:51:07+00:00\",\"description\":\"Wall D\u00e9cor Langley Printing Surrey - The Print Culture provide the Best Wall D\u00e9cor Langley Printing Surrey BC. Contact now.\",\"breadcrumb\":{\"@id\":\"https:\/\/theprintculture.com\/langley\/product\/canvas-gallery-wraps\/#breadcrumb\"},\"inLanguage\":\"en-US\",\"potentialAction\":[{\"@type\":\"ReadAction\",\"target\":[\"https:\/\/theprintculture.com\/langley\/product\/canvas-gallery-wraps\/\"]}]},{\"@type\":\"BreadcrumbList\",\"@id\":\"https:\/\/theprintculture.com\/langley\/product\/canvas-gallery-wraps\/#breadcrumb\",\"itemListElement\":[{\"@type\":\"ListItem\",\"position\":1,\"name\":\"Home\",\"item\":\"https:\/\/theprintculture.com\/langley\/\"},{\"@type\":\"ListItem\",\"position\":2,\"name\":\"Gallery\",\"item\":\"https:\/\/theprintculture.com\/langley\/customized-merchandise-and-office-stationery-shop\/\"},{\"@type\":\"ListItem\",\"position\":3,\"name\":\"Wall D\u00e9cor Langley\"}]},{\"@type\":\"WebSite\",\"@id\":\"https:\/\/theprintculture.com\/langley\/#website\",\"url\":\"https:\/\/theprintculture.com\/langley\/\",\"name\":\"the printculture\",\"description\":\"We breathe life into print\",\"publisher\":{\"@id\":\"https:\/\/theprintculture.com\/langley\/#organization\"},\"potentialAction\":[{\"@type\":\"SearchAction\",\"target\":{\"@type\":\"EntryPoint\",\"urlTemplate\":\"https:\/\/theprintculture.com\/langley\/?s={search_term_string}\"},\"query-input\":\"required name=search_term_string\"}],\"inLanguage\":\"en-US\"},{\"@type\":[\"Organization\",\"Place\"],\"@id\":\"https:\/\/theprintculture.com\/langley\/#organization\",\"name\":\"the printculture\",\"url\":\"https:\/\/theprintculture.com\/langley\/\",\"logo\":{\"@id\":\"https:\/\/theprintculture.com\/langley\/product\/canvas-gallery-wraps\/#local-main-organization-logo\"},\"image\":{\"@id\":\"https:\/\/theprintculture.com\/langley\/product\/canvas-gallery-wraps\/#local-main-organization-logo\"},\"address\":{\"@id\":\"https:\/\/theprintculture.com\/langley\/product\/canvas-gallery-wraps\/#local-main-place-address\"},\"telephone\":[\"9731758822\"],\"openingHoursSpecification\":[{\"@type\":\"OpeningHoursSpecification\",\"dayOfWeek\":[\"Monday\",\"Tuesday\",\"Wednesday\",\"Thursday\",\"Friday\",\"Saturday\",\"Sunday\"],\"opens\":\"09:00\",\"closes\":\"17:00\"}],\"email\":\"manishrbhatia@gmail.com\"},{\"@type\":\"PostalAddress\",\"@id\":\"https:\/\/theprintculture.com\/langley\/product\/canvas-gallery-wraps\/#local-main-place-address\",\"streetAddress\":\"109 19181 34A AVE SURREY BC V3Z027\",\"addressLocality\":\"Surrey\",\"postalCode\":\"V3Z027\",\"addressRegion\":\"British Columbia\",\"addressCountry\":\"CA\"},{\"@type\":\"ImageObject\",\"inLanguage\":\"en-US\",\"@id\":\"https:\/\/theprintculture.com\/langley\/product\/canvas-gallery-wraps\/#local-main-organization-logo\",\"url\":\"https:\/\/theprintculture.com\/langley\/wp-content\/uploads\/2021\/07\/LOGO.png\",\"contentUrl\":\"https:\/\/theprintculture.com\/langley\/wp-content\/uploads\/2021\/07\/LOGO.png\",\"width\":1483,\"height\":234,\"caption\":\"the printculture\"}]}<\/script>\n<meta name=\"geo.placename\" content=\"Surrey\" \/>\n<meta name=\"geo.region\" content=\"Canada\" \/>\n<!-- \/ Yoast SEO Premium plugin. -->","yoast_head_json":{"title":"Wall D\u00e9cor Langley Printing Surrey | Best Wall D\u00e9cor Langley Printing Surrey BC","description":"Wall D\u00e9cor Langley Printing Surrey - The Print Culture provide the Best Wall D\u00e9cor Langley Printing Surrey BC. Contact now.","robots":{"index":"index","follow":"follow","max-snippet":"max-snippet:-1","max-image-preview":"max-image-preview:large","max-video-preview":"max-video-preview:-1"},"canonical":"https:\/\/theprintculture.com\/langley\/product\/canvas-gallery-wraps\/","og_locale":"en_US","og_type":"article","og_title":"Wall D\u00e9cor Langley Printing Surrey | Best Wall D\u00e9cor Langley Printing Surrey BC","og_description":"Wall D\u00e9cor Langley Printing Surrey - The Print Culture provide the Best Wall D\u00e9cor Langley Printing Surrey BC. Contact now.","og_url":"https:\/\/theprintculture.com\/langley\/product\/canvas-gallery-wraps\/","og_site_name":"the printculture","article_modified_time":"2024-07-02T05:51:07+00:00","og_image":[{"width":550,"height":550,"url":"https:\/\/theprintculture.com\/langley\/wp-content\/uploads\/2021\/03\/wall-decor-b.png","type":"image\/png"}],"twitter_card":"summary_large_image","twitter_misc":{"Est. reading time":"1 minute"},"schema":{"@context":"https:\/\/schema.org","@graph":[{"@type":"WebPage","@id":"https:\/\/theprintculture.com\/langley\/product\/canvas-gallery-wraps\/","url":"https:\/\/theprintculture.com\/langley\/product\/canvas-gallery-wraps\/","name":"Wall D\u00e9cor Langley Printing Surrey | Best Wall D\u00e9cor Langley Printing Surrey BC","isPartOf":{"@id":"https:\/\/theprintculture.com\/langley\/#website"},"datePublished":"2021-03-24T10:21:00+00:00","dateModified":"2024-07-02T05:51:07+00:00","description":"Wall D\u00e9cor Langley Printing Surrey - The Print Culture provide the Best Wall D\u00e9cor Langley Printing Surrey BC. Contact now.","breadcrumb":{"@id":"https:\/\/theprintculture.com\/langley\/product\/canvas-gallery-wraps\/#breadcrumb"},"inLanguage":"en-US","potentialAction":[{"@type":"ReadAction","target":["https:\/\/theprintculture.com\/langley\/product\/canvas-gallery-wraps\/"]}]},{"@type":"BreadcrumbList","@id":"https:\/\/theprintculture.com\/langley\/product\/canvas-gallery-wraps\/#breadcrumb","itemListElement":[{"@type":"ListItem","position":1,"name":"Home","item":"https:\/\/theprintculture.com\/langley\/"},{"@type":"ListItem","position":2,"name":"Gallery","item":"https:\/\/theprintculture.com\/langley\/customized-merchandise-and-office-stationery-shop\/"},{"@type":"ListItem","position":3,"name":"Wall D\u00e9cor Langley"}]},{"@type":"WebSite","@id":"https:\/\/theprintculture.com\/langley\/#website","url":"https:\/\/theprintculture.com\/langley\/","name":"the printculture","description":"We breathe life into print","publisher":{"@id":"https:\/\/theprintculture.com\/langley\/#organization"},"potentialAction":[{"@type":"SearchAction","target":{"@type":"EntryPoint","urlTemplate":"https:\/\/theprintculture.com\/langley\/?s={search_term_string}"},"query-input":"required name=search_term_string"}],"inLanguage":"en-US"},{"@type":["Organization","Place"],"@id":"https:\/\/theprintculture.com\/langley\/#organization","name":"the printculture","url":"https:\/\/theprintculture.com\/langley\/","logo":{"@id":"https:\/\/theprintculture.com\/langley\/product\/canvas-gallery-wraps\/#local-main-organization-logo"},"image":{"@id":"https:\/\/theprintculture.com\/langley\/product\/canvas-gallery-wraps\/#local-main-organization-logo"},"address":{"@id":"https:\/\/theprintculture.com\/langley\/product\/canvas-gallery-wraps\/#local-main-place-address"},"telephone":["9731758822"],"openingHoursSpecification":[{"@type":"OpeningHoursSpecification","dayOfWeek":["Monday","Tuesday","Wednesday","Thursday","Friday","Saturday","Sunday"],"opens":"09:00","closes":"17:00"}],"email":"manishrbhatia@gmail.com"},{"@type":"PostalAddress","@id":"https:\/\/theprintculture.com\/langley\/product\/canvas-gallery-wraps\/#local-main-place-address","streetAddress":"109 19181 34A AVE SURREY BC V3Z027","addressLocality":"Surrey","postalCode":"V3Z027","addressRegion":"British Columbia","addressCountry":"CA"},{"@type":"ImageObject","inLanguage":"en-US","@id":"https:\/\/theprintculture.com\/langley\/product\/canvas-gallery-wraps\/#local-main-organization-logo","url":"https:\/\/theprintculture.com\/langley\/wp-content\/uploads\/2021\/07\/LOGO.png","contentUrl":"https:\/\/theprintculture.com\/langley\/wp-content\/uploads\/2021\/07\/LOGO.png","width":1483,"height":234,"caption":"the printculture"}]}},"_links":{"self":[{"href":"https:\/\/theprintculture.com\/langley\/wp-json\/wp\/v2\/product\/129","targetHints":{"allow":["GET"]}}],"collection":[{"href":"https:\/\/theprintculture.com\/langley\/wp-json\/wp\/v2\/product"}],"about":[{"href":"https:\/\/theprintculture.com\/langley\/wp-json\/wp\/v2\/types\/product"}],"wp:featuredmedia":[{"embeddable":true,"href":"https:\/\/theprintculture.com\/langley\/wp-json\/wp\/v2\/media\/1286"}],"wp:attachment":[{"href":"https:\/\/theprintculture.com\/langley\/wp-json\/wp\/v2\/media?parent=129"}],"wp:term":[{"taxonomy":"product_cat","embeddable":true,"href":"https:\/\/theprintculture.com\/langley\/wp-json\/wp\/v2\/product_cat?post=129"},{"taxonomy":"product_tag","embeddable":true,"href":"https:\/\/theprintculture.com\/langley\/wp-json\/wp\/v2\/product_tag?post=129"}],"curies":[{"name":"wp","href":"https:\/\/api.w.org\/{rel}","templated":true}]}}